{"id":28123,"date":"2024-11-26T05:59:15","date_gmt":"2024-11-26T05:59:15","guid":{"rendered":"https:\/\/gillsonlight.com\/?post_type=product&#038;p=28123"},"modified":"2025-09-23T14:15:57","modified_gmt":"2025-09-23T14:15:57","slug":"candeeiro-de-rua-solar-com-poste","status":"publish","type":"product","link":"https:\/\/gillsonlight.com\/pt\/produto\/candeeiro-de-rua-solar-com-poste\/","title":{"rendered":"Candeeiro de rua solar com poste"},"content":{"rendered":"\t\t<div data-elementor-type=\"product-post\" data-elementor-id=\"28123\" class=\"elementor elementor-28123\" data-elementor-post-type=\"product\">\n\t\t\t\t<div class=\"elementor-element elementor-element-80e12d7 e-flex e-con-boxed e-con e-parent\" data-id=\"80e12d7\" data-element_type=\"container\" data-e-type=\"container\" data-settings=\"{&quot;background_background&quot;:&quot;classic&quot;,&quot;ekit_has_onepagescroll_dot&quot;:&quot;yes&quot;}\">\n\t\t\t\t\t<div class=\"e-con-inner\">\n\t\t\t\t\t<\/div>\n\t\t\t\t<\/div>\n\t\t<div class=\"elementor-element elementor-element-036e4e3 e-flex e-con-boxed e-con e-parent\" data-id=\"036e4e3\" data-element_type=\"container\" data-e-type=\"container\" data-settings=\"{&quot;ekit_has_onepagescroll_dot&quot;:&quot;yes&quot;}\">\n\t\t\t\t\t<div class=\"e-con-inner\">\n\t\t\t\t\t<\/div>\n\t\t\t\t<\/div>\n\t\t\t\t<section class=\"elementor-section elementor-top-section elementor-element elementor-element-6bfb584 elementor-section-boxed elementor-section-height-default elementor-section-height-default\" data-id=\"6bfb584\" data-element_type=\"section\" data-e-type=\"section\" data-settings=\"{&quot;background_background&quot;:&quot;classic&quot;,&quot;ekit_has_onepagescroll_dot&quot;:&quot;yes&quot;}\">\n\t\t\t\t\t\t<div class=\"elementor-container elementor-column-gap-default\">\n\t\t\t\t\t<div class=\"elementor-column elementor-col-100 elementor-top-column elementor-element elementor-element-164abbc\" data-id=\"164abbc\" data-element_type=\"column\" data-e-type=\"column\">\n\t\t\t<div class=\"elementor-widget-wrap elementor-element-populated\">\n\t\t\t\t\t\t<section class=\"elementor-section elementor-inner-section elementor-element elementor-element-095dd1c elementor-section-content-middle elementor-section-boxed elementor-section-height-default elementor-section-height-default\" data-id=\"095dd1c\" data-element_type=\"section\" data-e-type=\"section\" data-settings=\"{&quot;ekit_has_onepagescroll_dot&quot;:&quot;yes&quot;}\">\n\t\t\t\t\t\t<div class=\"elementor-container elementor-column-gap-default\">\n\t\t\t\t\t<div class=\"elementor-column elementor-col-33 elementor-inner-column elementor-element elementor-element-9e9dd0d elementor-hidden-phone elementor-hidden-tablet\" data-id=\"9e9dd0d\" data-element_type=\"column\" data-e-type=\"column\">\n\t\t\t<div class=\"elementor-widget-wrap\">\n\t\t\t\t\t\t\t<\/div>\n\t\t<\/div>\n\t\t\t\t<div class=\"elementor-column elementor-col-33 elementor-inner-column elementor-element elementor-element-934089e\" data-id=\"934089e\" data-element_type=\"column\" data-e-type=\"column\">\n\t\t\t<div class=\"elementor-widget-wrap\">\n\t\t\t\t\t\t\t<\/div>\n\t\t<\/div>\n\t\t\t\t<div class=\"elementor-column elementor-col-33 elementor-inner-column elementor-element elementor-element-2e5dd52 elementor-hidden-phone elementor-hidden-tablet\" data-id=\"2e5dd52\" data-element_type=\"column\" data-e-type=\"column\">\n\t\t\t<div class=\"elementor-widget-wrap\">\n\t\t\t\t\t\t\t<\/div>\n\t\t<\/div>\n\t\t\t\t\t<\/div>\n\t\t<\/section>\n\t\t\t\t\t<\/div>\n\t\t<\/div>\n\t\t\t\t\t<\/div>\n\t\t<\/section>\n\t\t<div class=\"elementor-element elementor-element-f546a01 e-flex e-con-boxed e-con e-parent\" data-id=\"f546a01\" data-element_type=\"container\" data-e-type=\"container\" data-settings=\"{&quot;ekit_has_onepagescroll_dot&quot;:&quot;yes&quot;}\">\n\t\t\t\t\t<div class=\"e-con-inner\">\n\t\t\t\t\t<\/div>\n\t\t\t\t<\/div>\n\t\t<div class=\"elementor-element elementor-element-62c5865 e-flex e-con-boxed e-con e-parent\" data-id=\"62c5865\" data-element_type=\"container\" data-e-type=\"container\" data-settings=\"{&quot;background_background&quot;:&quot;classic&quot;,&quot;ekit_has_onepagescroll_dot&quot;:&quot;yes&quot;}\">\n\t\t\t\t\t<div class=\"e-con-inner\">\n\t\t\t\t\t<\/div>\n\t\t\t\t<\/div>\n\t\t<div class=\"elementor-element elementor-element-c6a2fd9 e-flex e-con-boxed e-con e-parent\" data-id=\"c6a2fd9\" data-element_type=\"container\" data-e-type=\"container\" data-settings=\"{&quot;ekit_has_onepagescroll_dot&quot;:&quot;yes&quot;}\">\n\t\t\t\t\t<div class=\"e-con-inner\">\n\t\t\t\t\t<\/div>\n\t\t\t\t<\/div>\n\t\t<div class=\"elementor-element elementor-element-6bd7177 e-flex e-con-boxed e-con e-parent\" data-id=\"6bd7177\" data-element_type=\"container\" data-e-type=\"container\" data-settings=\"{&quot;background_background&quot;:&quot;classic&quot;,&quot;ekit_has_onepagescroll_dot&quot;:&quot;yes&quot;}\">\n\t\t\t\t\t<div class=\"e-con-inner\">\n\t\t<div class=\"elementor-element elementor-element-ef8eb47 e-con-full e-flex e-con e-child\" data-id=\"ef8eb47\" data-element_type=\"container\" data-e-type=\"container\" data-settings=\"{&quot;background_background&quot;:&quot;classic&quot;,&quot;ekit_has_onepagescroll_dot&quot;:&quot;yes&quot;}\">\n\t\t<div class=\"elementor-element elementor-element-2a19cf4 e-con-full e-flex e-con e-child\" data-id=\"2a19cf4\" data-element_type=\"container\" data-e-type=\"container\" data-settings=\"{&quot;ekit_has_onepagescroll_dot&quot;:&quot;yes&quot;}\">\n\t\t\t\t<div class=\"elementor-element elementor-element-25a609c elementor-position-top elementor-widget elementor-widget-image-box\" data-id=\"25a609c\" data-element_type=\"widget\" data-e-type=\"widget\" data-settings=\"{&quot;ekit_we_effect_on&quot;:&quot;none&quot;}\" data-widget_type=\"image-box.default\">\n\t\t\t\t<div class=\"elementor-widget-container\">\n\t\t\t\t\t<div class=\"elementor-image-box-wrapper\"><figure class=\"elementor-image-box-img\"><img fetchpriority=\"high\" decoding=\"async\" width=\"400\" height=\"400\" src=\"https:\/\/gillsonlight.com\/wp-content\/uploads\/2024\/11\/PDF-logo-picture2.jpg\" class=\"attachment-full size-full wp-image-27703\" alt=\"\" srcset=\"https:\/\/gillsonlight.com\/wp-content\/uploads\/2024\/11\/PDF-logo-picture2.jpg 400w, https:\/\/gillsonlight.com\/wp-content\/uploads\/2024\/11\/PDF-logo-picture2-100x100.jpg 100w, https:\/\/gillsonlight.com\/wp-content\/uploads\/2024\/11\/PDF-logo-picture2-300x300.jpg 300w, https:\/\/gillsonlight.com\/wp-content\/uploads\/2024\/11\/PDF-logo-picture2-150x150.jpg 150w\" sizes=\"(max-width: 400px) 100vw, 400px\" \/><\/figure><div class=\"elementor-image-box-content\"><h3 class=\"elementor-image-box-title\">Specification Sheet<\/h3><p class=\"elementor-image-box-description\">BSL-YGSO12 Series Data Sheet Download<\/p><\/div><\/div>\t\t\t\t<\/div>\n\t\t\t\t<\/div>\n\t\t<div class=\"elementor-element elementor-element-0f5bac0 e-con-full e-flex e-con e-child\" data-id=\"0f5bac0\" data-element_type=\"container\" data-e-type=\"container\" data-settings=\"{&quot;ekit_has_onepagescroll_dot&quot;:&quot;yes&quot;}\">\n\t\t\t\t<\/div>\n\t\t\t\t<\/div>\n\t\t<div class=\"elementor-element elementor-element-4d60c3a e-con-full e-flex e-con e-child\" data-id=\"4d60c3a\" data-element_type=\"container\" data-e-type=\"container\" data-settings=\"{&quot;ekit_has_onepagescroll_dot&quot;:&quot;yes&quot;}\">\n\t\t\t\t<div class=\"elementor-element elementor-element-cb30362 elementor-position-top elementor-widget elementor-widget-image-box\" data-id=\"cb30362\" data-element_type=\"widget\" data-e-type=\"widget\" data-settings=\"{&quot;ekit_we_effect_on&quot;:&quot;none&quot;}\" data-widget_type=\"image-box.default\">\n\t\t\t\t<div class=\"elementor-widget-container\">\n\t\t\t\t\t<div class=\"elementor-image-box-wrapper\"><figure class=\"elementor-image-box-img\"><img fetchpriority=\"high\" decoding=\"async\" width=\"400\" height=\"400\" src=\"https:\/\/gillsonlight.com\/wp-content\/uploads\/2024\/11\/PDF-logo-picture2.jpg\" class=\"attachment-full size-full wp-image-27703\" alt=\"\" srcset=\"https:\/\/gillsonlight.com\/wp-content\/uploads\/2024\/11\/PDF-logo-picture2.jpg 400w, https:\/\/gillsonlight.com\/wp-content\/uploads\/2024\/11\/PDF-logo-picture2-100x100.jpg 100w, https:\/\/gillsonlight.com\/wp-content\/uploads\/2024\/11\/PDF-logo-picture2-300x300.jpg 300w, https:\/\/gillsonlight.com\/wp-content\/uploads\/2024\/11\/PDF-logo-picture2-150x150.jpg 150w\" sizes=\"(max-width: 400px) 100vw, 400px\" \/><\/figure><div class=\"elementor-image-box-content\"><h3 class=\"elementor-image-box-title\">Catalogue<\/h3><p class=\"elementor-image-box-description\">Solar Powered Street Light Catalogue<\/p><\/div><\/div>\t\t\t\t<\/div>\n\t\t\t\t<\/div>\n\t\t<div class=\"elementor-element elementor-element-62b76fc e-con-full e-flex e-con e-child\" data-id=\"62b76fc\" data-element_type=\"container\" data-e-type=\"container\" data-settings=\"{&quot;ekit_has_onepagescroll_dot&quot;:&quot;yes&quot;}\">\n\t\t\t\t<\/div>\n\t\t\t\t<\/div>\n\t\t<div class=\"elementor-element elementor-element-70151f2 e-con-full e-flex e-con e-child\" data-id=\"70151f2\" data-element_type=\"container\" data-e-type=\"container\" data-settings=\"{&quot;ekit_has_onepagescroll_dot&quot;:&quot;yes&quot;}\">\n\t\t\t\t<div class=\"elementor-element elementor-element-8e6060f elementor-position-top elementor-widget elementor-widget-image-box\" data-id=\"8e6060f\" data-element_type=\"widget\" data-e-type=\"widget\" data-settings=\"{&quot;ekit_we_effect_on&quot;:&quot;none&quot;}\" data-widget_type=\"image-box.default\">\n\t\t\t\t<div class=\"elementor-widget-container\">\n\t\t\t\t\t<div class=\"elementor-image-box-wrapper\"><figure class=\"elementor-image-box-img\"><img fetchpriority=\"high\" decoding=\"async\" width=\"400\" height=\"400\" src=\"https:\/\/gillsonlight.com\/wp-content\/uploads\/2024\/11\/PDF-logo-picture2.jpg\" class=\"attachment-full size-full wp-image-27703\" alt=\"\" srcset=\"https:\/\/gillsonlight.com\/wp-content\/uploads\/2024\/11\/PDF-logo-picture2.jpg 400w, https:\/\/gillsonlight.com\/wp-content\/uploads\/2024\/11\/PDF-logo-picture2-100x100.jpg 100w, https:\/\/gillsonlight.com\/wp-content\/uploads\/2024\/11\/PDF-logo-picture2-300x300.jpg 300w, https:\/\/gillsonlight.com\/wp-content\/uploads\/2024\/11\/PDF-logo-picture2-150x150.jpg 150w\" sizes=\"(max-width: 400px) 100vw, 400px\" \/><\/figure><div class=\"elementor-image-box-content\"><h3 class=\"elementor-image-box-title\">User Manual<\/h3><p class=\"elementor-image-box-description\">Solar Street Lights User Manual &amp; Installation<\/p><\/div><\/div>\t\t\t\t<\/div>\n\t\t\t\t<\/div>\n\t\t<div class=\"elementor-element elementor-element-ab773aa e-con-full e-flex e-con e-child\" data-id=\"ab773aa\" data-element_type=\"container\" data-e-type=\"container\" data-settings=\"{&quot;ekit_has_onepagescroll_dot&quot;:&quot;yes&quot;}\">\n\t\t\t\t<\/div>\n\t\t\t\t<\/div>\n\t\t\t\t<\/div>\n\t\t\t\t\t<\/div>\n\t\t\t\t<\/div>\n\t\t<div class=\"elementor-element elementor-element-8af00ec e-flex e-con-boxed e-con e-parent\" data-id=\"8af00ec\" data-element_type=\"container\" data-e-type=\"container\" data-settings=\"{&quot;ekit_has_onepagescroll_dot&quot;:&quot;yes&quot;}\">\n\t\t\t\t\t<div class=\"e-con-inner\">\n\t\t\t\t\t<\/div>\n\t\t\t\t<\/div>\n\t\t<div class=\"elementor-element elementor-element-5aaf39d e-flex e-con-boxed e-con e-parent\" data-id=\"5aaf39d\" data-element_type=\"container\" data-e-type=\"container\" data-settings=\"{&quot;background_background&quot;:&quot;classic&quot;,&quot;ekit_has_onepagescroll_dot&quot;:&quot;yes&quot;}\">\n\t\t\t\t\t<div class=\"e-con-inner\">\n\t\t\t\t\t<\/div>\n\t\t\t\t<\/div>\n\t\t\t\t<div class=\"elementor-section elementor-top-section elementor-element elementor-element-d0c37d7 elementor-section-boxed elementor-section-height-default elementor-section-height-default\" data-id=\"d0c37d7\" data-element_type=\"section\" data-e-type=\"section\" data-settings=\"{&quot;background_background&quot;:&quot;classic&quot;,&quot;ekit_has_onepagescroll_dot&quot;:&quot;yes&quot;}\">\n\t\t\t\t\t\t<div class=\"elementor-container elementor-column-gap-default\">\n\t\t\t\t\t<div class=\"elementor-column elementor-col-33 elementor-top-column elementor-element elementor-element-6628158\" data-id=\"6628158\" data-element_type=\"column\" data-e-type=\"column\">\n\t\t\t<div class=\"elementor-widget-wrap\">\n\t\t\t\t\t\t\t<\/div>\n\t\t<\/div>\n\t\t\t\t<div class=\"elementor-column elementor-col-33 elementor-top-column elementor-element elementor-element-d50417f\" data-id=\"d50417f\" data-element_type=\"column\" data-e-type=\"column\">\n\t\t\t<div class=\"elementor-widget-wrap\">\n\t\t\t\t\t\t\t<\/div>\n\t\t<\/div>\n\t\t\t\t<div class=\"elementor-column elementor-col-33 elementor-top-column elementor-element elementor-element-def894d\" data-id=\"def894d\" data-element_type=\"column\" data-e-type=\"column\">\n\t\t\t<div class=\"elementor-widget-wrap\">\n\t\t\t\t\t\t\t<\/div>\n\t\t<\/div>\n\t\t\t\t\t<\/div>\n\t\t<\/div>\n\t\t<div class=\"elementor-element elementor-element-e19b7ab e-flex e-con-boxed e-con e-parent\" data-id=\"e19b7ab\" data-element_type=\"container\" data-e-type=\"container\" data-settings=\"{&quot;ekit_has_onepagescroll_dot&quot;:&quot;yes&quot;}\">\n\t\t\t\t\t<div class=\"e-con-inner\">\n\t\t\t\t\t<\/div>\n\t\t\t\t<\/div>\n\t\t<div class=\"elementor-element elementor-element-19c0c6c e-flex e-con-boxed e-con e-parent\" data-id=\"19c0c6c\" data-element_type=\"container\" data-e-type=\"container\" data-settings=\"{&quot;background_background&quot;:&quot;classic&quot;,&quot;ekit_has_onepagescroll_dot&quot;:&quot;yes&quot;}\">\n\t\t\t\t\t<div class=\"e-con-inner\">\n\t\t\t\t\t<\/div>\n\t\t\t\t<\/div>\n\t\t<div class=\"elementor-element elementor-element-1654612 e-flex e-con-boxed e-con e-parent\" data-id=\"1654612\" data-element_type=\"container\" data-e-type=\"container\" data-settings=\"{&quot;background_background&quot;:&quot;classic&quot;,&quot;ekit_has_onepagescroll_dot&quot;:&quot;yes&quot;}\">\n\t\t\t\t\t<div class=\"e-con-inner\">\n\t\t\t\t<div class=\"elementor-element elementor-element-018cd5a elementor-widget elementor-widget-shortcode\" data-id=\"018cd5a\" data-element_type=\"widget\" data-e-type=\"widget\" data-settings=\"{&quot;ekit_we_effect_on&quot;:&quot;none&quot;}\" data-widget_type=\"shortcode.default\">\n\t\t\t\t<div class=\"elementor-widget-container\">\n\t\t\t\t\t\t\t<div class=\"elementor-shortcode\">[html_block id=\"1570\"]<\/div>\n\t\t\t\t\t\t<\/div>\n\t\t\t\t<\/div>\n\t\t\t\t\t<\/div>\n\t\t\t\t<\/div>\n\t\t\t\t<\/div>\n\t\t","protected":false},"excerpt":{"rendered":"<ul>\n<li aria-level=\"1\"><b>Conce\u00e7\u00e3o: <\/b>Luxuosa lumin\u00e1ria redonda em alum\u00ednio fundido numa s\u00f3 pe\u00e7a<\/li>\n<li aria-level=\"1\"><b>Modelo: <\/b>BSL-YGSO12-1000W - bonito, robusto e eficiente<\/li>\n<li aria-level=\"1\"><b>Ecr\u00e3 da bateria: <\/b>A possibilidade de ver a dura\u00e7\u00e3o e os estados da bateria em modos de tempo real.<\/li>\n<li aria-level=\"1\"><b>Design sem fios: <\/b>N\u00e3o h\u00e1 cablagem complexa e \u00e9 f\u00e1cil de instalar.<\/li>\n<li aria-level=\"1\"><b>Dissipa\u00e7\u00e3o de calor: <\/b>A gest\u00e3o t\u00e9rmica \u00e9 brilhante e significa uma longa vida \u00fatil<\/li>\n<li aria-level=\"1\"><b>Lente: <\/b>Lente acr\u00edlica com transmit\u00e2ncia 98% para facilitar a melhor dispers\u00e3o da luz<\/li>\n<li aria-level=\"1\"><b>Efic\u00e1cia: <\/b>170 lm\/W elevado rendimento\/efici\u00eancia energ\u00e9tica<\/li>\n<li aria-level=\"1\"><b>Certifica\u00e7\u00f5es: <\/b>CE \/ ROHS: certificado, seguro garantido<\/li>\n<li aria-level=\"1\"><b>Dura\u00e7\u00e3o da bateria: <\/b>Bateria de longa dura\u00e7\u00e3o (5 a 8 anos), necessita de manuten\u00e7\u00e3o m\u00ednima<\/li>\n<li aria-level=\"1\"><b>Aplica\u00e7\u00f5es: <\/b>\u00c9 aplic\u00e1vel em ruas, armaz\u00e9ns, parques de estacionamento, casas e f\u00e1bricas.<\/li>\n<\/ul>","protected":false},"featured_media":28125,"comment_status":"open","ping_status":"closed","template":"","meta":{"_acf_changed":false},"product_brand":[],"product_cat":[75,72],"product_tag":[91,90,96,84,93],"class_list":{"0":"post-28123","1":"product","2":"type-product","3":"status-publish","4":"has-post-thumbnail","6":"product_cat-solar-street-light","7":"product_cat-all-in-two-solar-street-lights","8":"product_tag-solar-led-lights","9":"product_tag-solar-lights-for-outdoor","10":"product_tag-solar-street-lamp","11":"product_tag-solar-street-light","12":"product_tag-solar-street-lights","14":"first","15":"instock","16":"sale","17":"shipping-taxable","18":"purchasable","19":"product-type-variable","20":"has-default-attributes"},"acf":[],"_links":{"self":[{"href":"https:\/\/gillsonlight.com\/pt\/wp-json\/wp\/v2\/product\/28123","targetHints":{"allow":["GET"]}}],"collection":[{"href":"https:\/\/gillsonlight.com\/pt\/wp-json\/wp\/v2\/product"}],"about":[{"href":"https:\/\/gillsonlight.com\/pt\/wp-json\/wp\/v2\/types\/product"}],"replies":[{"embeddable":true,"href":"https:\/\/gillsonlight.com\/pt\/wp-json\/wp\/v2\/comments?post=28123"}],"version-history":[{"count":31,"href":"https:\/\/gillsonlight.com\/pt\/wp-json\/wp\/v2\/product\/28123\/revisions"}],"predecessor-version":[{"id":29417,"href":"https:\/\/gillsonlight.com\/pt\/wp-json\/wp\/v2\/product\/28123\/revisions\/29417"}],"wp:featuredmedia":[{"embeddable":true,"href":"https:\/\/gillsonlight.com\/pt\/wp-json\/wp\/v2\/media\/28125"}],"wp:attachment":[{"href":"https:\/\/gillsonlight.com\/pt\/wp-json\/wp\/v2\/media?parent=28123"}],"wp:term":[{"taxonomy":"product_brand","embeddable":true,"href":"https:\/\/gillsonlight.com\/pt\/wp-json\/wp\/v2\/product_brand?post=28123"},{"taxonomy":"product_cat","embeddable":true,"href":"https:\/\/gillsonlight.com\/pt\/wp-json\/wp\/v2\/product_cat?post=28123"},{"taxonomy":"product_tag","embeddable":true,"href":"https:\/\/gillsonlight.com\/pt\/wp-json\/wp\/v2\/product_tag?post=28123"}],"curies":[{"name":"wp","href":"https:\/\/api.w.org\/{rel}","templated":true}]}}