{"id":29875,"date":"2025-02-15T11:19:58","date_gmt":"2025-02-15T11:19:58","guid":{"rendered":"https:\/\/gillsonlight.com\/?post_type=product&#038;p=29875"},"modified":"2025-09-23T13:34:24","modified_gmt":"2025-09-23T13:34:24","slug":"focos-solares","status":"publish","type":"product","link":"https:\/\/gillsonlight.com\/es\/producto\/focos-solares\/","title":{"rendered":"300W Flood Lights Solar Powered for Outdoor Use"},"content":{"rendered":"\t\t<div data-elementor-type=\"product-post\" data-elementor-id=\"29875\" class=\"elementor elementor-29875\" data-elementor-post-type=\"product\">\n\t\t\t\t<div class=\"elementor-element elementor-element-4426c18b e-flex e-con-boxed e-con e-parent\" data-id=\"4426c18b\" data-element_type=\"container\" data-e-type=\"container\" data-settings=\"{&quot;background_background&quot;:&quot;classic&quot;,&quot;ekit_has_onepagescroll_dot&quot;:&quot;yes&quot;}\">\n\t\t\t\t\t<div class=\"e-con-inner\">\n\t\t\t\t<div class=\"elementor-element elementor-element-4f496656 elementor-widget elementor-widget-text-editor\" data-id=\"4f496656\" data-element_type=\"widget\" data-e-type=\"widget\" data-settings=\"{&quot;ekit_we_effect_on&quot;:&quot;none&quot;}\" data-widget_type=\"text-editor.default\">\n\t\t\t\t<div class=\"elementor-widget-container\">\n\t\t\t\t\t\t\t\t\t<ul><li class=\"uabb-heading\"><span style=\"color: #333333; font-size: 16px;\">Products Item: BSL-YGSO02-300W<\/span><\/li><\/ul><div class=\"uabb-subheading uabb-text-editor\"><ul><li>Category\uff1a <a href=\"\/product-category\/solar-flood-lights\/\">Solar Flood light<\/a>\u00a0<\/li><li>Watt:300W<\/li><li>Lamp Materiall:ABS housing+Toughened glass<\/li><li>Energy-Efficient Design: Optimized LED 2835 chips for reduced energy consumption<\/li><li>Adjustable Lamp Angle: Versatile lamp head for optimal light positioning<\/li><li>A 5m wire gives you a good range to optimize panel placement for maximum sun exposure without being overly cumbersome<\/li><\/ul><p class=\"uabb-heading\"><strong>High pressure ABS material housing Protection class (IP65).\u00a0 Solar panels with aluminum frames are more durable<\/strong><\/p><\/div>\t\t\t\t\t\t\t\t<\/div>\n\t\t\t\t<\/div>\n\t\t\t\t\t<\/div>\n\t\t\t\t<\/div>\n\t\t<div class=\"elementor-element elementor-element-ef73dc1 e-flex e-con-boxed e-con e-parent\" data-id=\"ef73dc1\" data-element_type=\"container\" data-e-type=\"container\" data-settings=\"{&quot;ekit_has_onepagescroll_dot&quot;:&quot;yes&quot;}\">\n\t\t\t\t\t<div class=\"e-con-inner\">\n\t\t\t\t\t<\/div>\n\t\t\t\t<\/div>\n\t\t<div class=\"elementor-element elementor-element-f04d2da e-flex e-con-boxed e-con e-parent\" data-id=\"f04d2da\" data-element_type=\"container\" data-e-type=\"container\" data-settings=\"{&quot;ekit_has_onepagescroll_dot&quot;:&quot;yes&quot;}\">\n\t\t\t\t\t<div class=\"e-con-inner\">\n\t\t\t\t<div class=\"elementor-element elementor-element-b338561 elementor-widget elementor-widget-image\" data-id=\"b338561\" data-element_type=\"widget\" data-e-type=\"widget\" data-settings=\"{&quot;ekit_we_effect_on&quot;:&quot;none&quot;}\" data-widget_type=\"image.default\">\n\t\t\t\t<div class=\"elementor-widget-container\">\n\t\t\t\t\t\t\t\t\t\t\t\t\t\t\t<img fetchpriority=\"high\" decoding=\"async\" width=\"800\" height=\"497\" src=\"https:\/\/gillsonlight.com\/wp-content\/uploads\/2024\/11\/light-distribution.png\" class=\"attachment-large size-large wp-image-27987\" alt=\"pole solar street light distribution\" srcset=\"https:\/\/gillsonlight.com\/wp-content\/uploads\/2024\/11\/light-distribution.png 1086w, https:\/\/gillsonlight.com\/wp-content\/uploads\/2024\/11\/light-distribution-700x435.png 700w, https:\/\/gillsonlight.com\/wp-content\/uploads\/2024\/11\/light-distribution-400x249.png 400w, https:\/\/gillsonlight.com\/wp-content\/uploads\/2024\/11\/light-distribution-768x477.png 768w\" sizes=\"(max-width: 800px) 100vw, 800px\" \/>\t\t\t\t\t\t\t\t\t\t\t\t\t\t\t<\/div>\n\t\t\t\t<\/div>\n\t\t\t\t\t<\/div>\n\t\t\t\t<\/div>\n\t\t<div class=\"elementor-element elementor-element-04026bd e-flex e-con-boxed e-con e-parent\" data-id=\"04026bd\" data-element_type=\"container\" data-e-type=\"container\" data-settings=\"{&quot;background_background&quot;:&quot;classic&quot;,&quot;ekit_has_onepagescroll_dot&quot;:&quot;yes&quot;}\">\n\t\t\t\t\t<div class=\"e-con-inner\">\n\t\t\t\t\t<\/div>\n\t\t\t\t<\/div>\n\t\t<div class=\"elementor-element elementor-element-66091b7 e-flex e-con-boxed e-con e-parent\" data-id=\"66091b7\" data-element_type=\"container\" data-e-type=\"container\" data-settings=\"{&quot;ekit_has_onepagescroll_dot&quot;:&quot;yes&quot;}\">\n\t\t\t\t\t<div class=\"e-con-inner\">\n\t\t<div class=\"elementor-element elementor-element-797f40b e-con-full e-flex e-con e-child\" data-id=\"797f40b\" data-element_type=\"container\" data-e-type=\"container\" data-settings=\"{&quot;background_background&quot;:&quot;classic&quot;,&quot;ekit_has_onepagescroll_dot&quot;:&quot;yes&quot;}\">\n\t\t<div class=\"elementor-element elementor-element-3ae4be0 e-con-full e-flex e-con e-child\" data-id=\"3ae4be0\" data-element_type=\"container\" data-e-type=\"container\" data-settings=\"{&quot;ekit_has_onepagescroll_dot&quot;:&quot;yes&quot;}\">\n\t\t\t\t<div class=\"elementor-element elementor-element-2a9e7cd elementor-position-top elementor-widget elementor-widget-image-box\" data-id=\"2a9e7cd\" data-element_type=\"widget\" data-e-type=\"widget\" data-settings=\"{&quot;ekit_we_effect_on&quot;:&quot;none&quot;}\" data-widget_type=\"image-box.default\">\n\t\t\t\t<div class=\"elementor-widget-container\">\n\t\t\t\t\t<div class=\"elementor-image-box-wrapper\"><figure class=\"elementor-image-box-img\"><img decoding=\"async\" width=\"400\" height=\"400\" src=\"https:\/\/gillsonlight.com\/wp-content\/uploads\/2024\/11\/PDF-logo-picture2.jpg\" class=\"attachment-full size-full wp-image-27703\" alt=\"\" srcset=\"https:\/\/gillsonlight.com\/wp-content\/uploads\/2024\/11\/PDF-logo-picture2.jpg 400w, https:\/\/gillsonlight.com\/wp-content\/uploads\/2024\/11\/PDF-logo-picture2-100x100.jpg 100w, https:\/\/gillsonlight.com\/wp-content\/uploads\/2024\/11\/PDF-logo-picture2-300x300.jpg 300w, https:\/\/gillsonlight.com\/wp-content\/uploads\/2024\/11\/PDF-logo-picture2-150x150.jpg 150w\" sizes=\"(max-width: 400px) 100vw, 400px\" \/><\/figure><div class=\"elementor-image-box-content\"><h3 class=\"elementor-image-box-title\">Specification Sheet<\/h3><p class=\"elementor-image-box-description\">BSL-YGSO02 Series Data Sheet Download<\/p><\/div><\/div>\t\t\t\t<\/div>\n\t\t\t\t<\/div>\n\t\t<div class=\"elementor-element elementor-element-9fd00f1 e-con-full e-flex e-con e-child\" data-id=\"9fd00f1\" data-element_type=\"container\" data-e-type=\"container\" data-settings=\"{&quot;ekit_has_onepagescroll_dot&quot;:&quot;yes&quot;}\">\n\t\t\t\t<\/div>\n\t\t\t\t<\/div>\n\t\t<div class=\"elementor-element elementor-element-fe3d6c3 e-con-full e-flex e-con e-child\" data-id=\"fe3d6c3\" data-element_type=\"container\" data-e-type=\"container\" data-settings=\"{&quot;ekit_has_onepagescroll_dot&quot;:&quot;yes&quot;}\">\n\t\t\t\t<div class=\"elementor-element elementor-element-6899b7d elementor-position-top elementor-widget elementor-widget-image-box\" data-id=\"6899b7d\" data-element_type=\"widget\" data-e-type=\"widget\" data-settings=\"{&quot;ekit_we_effect_on&quot;:&quot;none&quot;}\" data-widget_type=\"image-box.default\">\n\t\t\t\t<div class=\"elementor-widget-container\">\n\t\t\t\t\t<div class=\"elementor-image-box-wrapper\"><figure class=\"elementor-image-box-img\"><img decoding=\"async\" width=\"400\" height=\"400\" src=\"https:\/\/gillsonlight.com\/wp-content\/uploads\/2024\/11\/PDF-logo-picture2.jpg\" class=\"attachment-full size-full wp-image-27703\" alt=\"\" srcset=\"https:\/\/gillsonlight.com\/wp-content\/uploads\/2024\/11\/PDF-logo-picture2.jpg 400w, https:\/\/gillsonlight.com\/wp-content\/uploads\/2024\/11\/PDF-logo-picture2-100x100.jpg 100w, https:\/\/gillsonlight.com\/wp-content\/uploads\/2024\/11\/PDF-logo-picture2-300x300.jpg 300w, https:\/\/gillsonlight.com\/wp-content\/uploads\/2024\/11\/PDF-logo-picture2-150x150.jpg 150w\" sizes=\"(max-width: 400px) 100vw, 400px\" \/><\/figure><div class=\"elementor-image-box-content\"><h3 class=\"elementor-image-box-title\">Catalogue<\/h3><p class=\"elementor-image-box-description\">Flood Lights Solar Powered<\/p><\/div><\/div>\t\t\t\t<\/div>\n\t\t\t\t<\/div>\n\t\t<div class=\"elementor-element elementor-element-6aacc7f e-con-full e-flex e-con e-child\" data-id=\"6aacc7f\" data-element_type=\"container\" data-e-type=\"container\" data-settings=\"{&quot;ekit_has_onepagescroll_dot&quot;:&quot;yes&quot;}\">\n\t\t\t\t<\/div>\n\t\t\t\t<\/div>\n\t\t<div class=\"elementor-element elementor-element-883a294 e-con-full e-flex e-con e-child\" data-id=\"883a294\" data-element_type=\"container\" data-e-type=\"container\" data-settings=\"{&quot;ekit_has_onepagescroll_dot&quot;:&quot;yes&quot;}\">\n\t\t\t\t<div class=\"elementor-element elementor-element-6512011 elementor-position-top elementor-widget elementor-widget-image-box\" data-id=\"6512011\" data-element_type=\"widget\" data-e-type=\"widget\" data-settings=\"{&quot;ekit_we_effect_on&quot;:&quot;none&quot;}\" data-widget_type=\"image-box.default\">\n\t\t\t\t<div class=\"elementor-widget-container\">\n\t\t\t\t\t<div class=\"elementor-image-box-wrapper\"><figure class=\"elementor-image-box-img\"><img decoding=\"async\" width=\"400\" height=\"400\" src=\"https:\/\/gillsonlight.com\/wp-content\/uploads\/2024\/11\/PDF-logo-picture2.jpg\" class=\"attachment-full size-full wp-image-27703\" alt=\"\" srcset=\"https:\/\/gillsonlight.com\/wp-content\/uploads\/2024\/11\/PDF-logo-picture2.jpg 400w, https:\/\/gillsonlight.com\/wp-content\/uploads\/2024\/11\/PDF-logo-picture2-100x100.jpg 100w, https:\/\/gillsonlight.com\/wp-content\/uploads\/2024\/11\/PDF-logo-picture2-300x300.jpg 300w, https:\/\/gillsonlight.com\/wp-content\/uploads\/2024\/11\/PDF-logo-picture2-150x150.jpg 150w\" sizes=\"(max-width: 400px) 100vw, 400px\" \/><\/figure><div class=\"elementor-image-box-content\"><h3 class=\"elementor-image-box-title\">User Manual<\/h3><p class=\"elementor-image-box-description\">Flood Lights Solar Powered manual &amp; installation<\/p><\/div><\/div>\t\t\t\t<\/div>\n\t\t\t\t<\/div>\n\t\t<div class=\"elementor-element elementor-element-1f5ebb8 e-con-full e-flex e-con e-child\" data-id=\"1f5ebb8\" data-element_type=\"container\" data-e-type=\"container\" data-settings=\"{&quot;ekit_has_onepagescroll_dot&quot;:&quot;yes&quot;}\">\n\t\t\t\t<\/div>\n\t\t\t\t<\/div>\n\t\t\t\t<\/div>\n\t\t\t\t\t<\/div>\n\t\t\t\t<\/div>\n\t\t<div class=\"elementor-element elementor-element-c676dfd e-flex e-con-boxed e-con e-parent\" data-id=\"c676dfd\" data-element_type=\"container\" data-e-type=\"container\" data-settings=\"{&quot;ekit_has_onepagescroll_dot&quot;:&quot;yes&quot;}\">\n\t\t\t\t\t<div class=\"e-con-inner\">\n\t\t\t\t\t<\/div>\n\t\t\t\t<\/div>\n\t\t<div class=\"elementor-element elementor-element-c60d4ed e-flex e-con-boxed e-con e-parent\" data-id=\"c60d4ed\" data-element_type=\"container\" data-e-type=\"container\" data-settings=\"{&quot;background_background&quot;:&quot;classic&quot;,&quot;ekit_has_onepagescroll_dot&quot;:&quot;yes&quot;}\">\n\t\t\t\t\t<div class=\"e-con-inner\">\n\t\t\t\t\t<\/div>\n\t\t\t\t<\/div>\n\t\t\t\t<section class=\"elementor-section elementor-top-section elementor-element elementor-element-c0ecb13 elementor-section-boxed elementor-section-height-default elementor-section-height-default\" data-id=\"c0ecb13\" data-element_type=\"section\" data-e-type=\"section\" data-settings=\"{&quot;background_background&quot;:&quot;classic&quot;,&quot;ekit_has_onepagescroll_dot&quot;:&quot;yes&quot;}\">\n\t\t\t\t\t\t<div class=\"elementor-container elementor-column-gap-default\">\n\t\t\t\t\t<div class=\"elementor-column elementor-col-100 elementor-top-column elementor-element elementor-element-b045e7d\" data-id=\"b045e7d\" data-element_type=\"column\" data-e-type=\"column\" data-settings=\"{&quot;background_background&quot;:&quot;gradient&quot;}\">\n\t\t\t<div class=\"elementor-widget-wrap\">\n\t\t\t\t\t\t\t<\/div>\n\t\t<\/div>\n\t\t\t\t\t<\/div>\n\t\t<\/section>\n\t\t<div class=\"elementor-element elementor-element-9d36cf0 e-flex e-con-boxed e-con e-parent\" data-id=\"9d36cf0\" data-element_type=\"container\" data-e-type=\"container\" data-settings=\"{&quot;ekit_has_onepagescroll_dot&quot;:&quot;yes&quot;}\">\n\t\t\t\t\t<div class=\"e-con-inner\">\n\t\t\t\t\t<\/div>\n\t\t\t\t<\/div>\n\t\t<div class=\"elementor-element elementor-element-f4aad9a e-flex e-con-boxed e-con e-parent\" data-id=\"f4aad9a\" data-element_type=\"container\" data-e-type=\"container\" data-settings=\"{&quot;ekit_has_onepagescroll_dot&quot;:&quot;yes&quot;}\">\n\t\t\t\t\t<div class=\"e-con-inner\">\n\t\t\t\t\t<\/div>\n\t\t\t\t<\/div>\n\t\t<div class=\"elementor-element elementor-element-bd84448 e-flex e-con-boxed e-con e-parent\" data-id=\"bd84448\" data-element_type=\"container\" data-e-type=\"container\" data-settings=\"{&quot;background_background&quot;:&quot;classic&quot;,&quot;ekit_has_onepagescroll_dot&quot;:&quot;yes&quot;}\">\n\t\t\t\t\t<div class=\"e-con-inner\">\n\t\t\t\t\t<\/div>\n\t\t\t\t<\/div>\n\t\t<div class=\"elementor-element elementor-element-62db8d5 e-flex e-con-boxed e-con e-parent\" data-id=\"62db8d5\" data-element_type=\"container\" data-e-type=\"container\" data-settings=\"{&quot;background_background&quot;:&quot;classic&quot;,&quot;ekit_has_onepagescroll_dot&quot;:&quot;yes&quot;}\">\n\t\t\t\t\t<div class=\"e-con-inner\">\n\t\t\t\t<div class=\"elementor-element elementor-element-f7d201f elementor-widget elementor-widget-shortcode\" data-id=\"f7d201f\" data-element_type=\"widget\" data-e-type=\"widget\" data-settings=\"{&quot;ekit_we_effect_on&quot;:&quot;none&quot;}\" data-widget_type=\"shortcode.default\">\n\t\t\t\t<div class=\"elementor-widget-container\">\n\t\t\t\t\t\t\t<div class=\"elementor-shortcode\">[html_block id=\"1570\"]<\/div>\n\t\t\t\t\t\t<\/div>\n\t\t\t\t<\/div>\n\t\t\t\t\t<\/div>\n\t\t\t\t<\/div>\n\t\t\t\t<\/div>\n\t\t","protected":false},"excerpt":{"rendered":"<ul>\n<li style=\"font-weight: 400;\" aria-level=\"1\"><b>Especificaci\u00f3n del modelo:<\/b><span style=\"font-weight: 400;\"> Iluminaci\u00f3n LED de alta eficiencia de 300 W<\/span><\/li>\n<li style=\"font-weight: 400;\" aria-level=\"1\"><b>Panel solar: <\/b><span style=\"font-weight: 400;\">Panel solar monocristalino individual de alta eficiencia<\/span><\/li>\n<li style=\"font-weight: 400;\" aria-level=\"1\"><b>Protecci\u00f3n contra la penetraci\u00f3n: <\/b><span style=\"font-weight: 400;\">IP65 - sellado contra el polvo; completamente impermeable<\/span><\/li>\n<li style=\"font-weight: 400;\" aria-level=\"1\"><b>Tipo de bater\u00eda: <\/b><span style=\"font-weight: 400;\">Bater\u00eda de iones de litio recargable (rendimiento duradero)<\/span><\/li>\n<li style=\"font-weight: 400;\" aria-level=\"1\"><b>Tiempo de iluminaci\u00f3n: <\/b><span style=\"font-weight: 400;\">812 horas Carga completa<\/span><\/li>\n<li style=\"font-weight: 400;\" aria-level=\"1\"><b>Funci\u00f3n del sensor: <\/b><span style=\"font-weight: 400;\">Autom\u00e1tico de crep\u00fasculo a crep\u00fasculo y sensor de movimiento<\/span><\/li>\n<li style=\"font-weight: 400;\" aria-level=\"1\"><b>Material: <\/b><span style=\"font-weight: 400;\">Resistente, carcasa B&amp;S de ABS y aleaci\u00f3n de aluminio AW para exteriores<\/span><\/li>\n<li style=\"font-weight: 400;\" aria-level=\"1\"><b>Capacidad: <\/b><span style=\"font-weight: 400;\">La capacidad para cargar los contenedores: 20FT: abt 2.000 unidades, 40FT HQ: ~ 5300 unidades<\/span><\/li>\n<li><b>Instalaci\u00f3n: <\/b><span style=\"font-weight: 400;\">Montaje en pared o poste sin cableado el\u00e9ctrico<\/span><\/li>\n<\/ul>","protected":false},"featured_media":29876,"comment_status":"open","ping_status":"closed","template":"","meta":{"_acf_changed":false},"product_brand":[],"product_cat":[76],"product_tag":[91,90,96,84,93],"class_list":{"0":"post-29875","1":"product","2":"type-product","3":"status-publish","4":"has-post-thumbnail","6":"product_cat-solar-flood-lights","7":"product_tag-solar-led-lights","8":"product_tag-solar-lights-for-outdoor","9":"product_tag-solar-street-lamp","10":"product_tag-solar-street-light","11":"product_tag-solar-street-lights","13":"first","14":"instock","15":"sale","16":"shipping-taxable","17":"purchasable","18":"product-type-simple"},"acf":[],"_links":{"self":[{"href":"https:\/\/gillsonlight.com\/es\/wp-json\/wp\/v2\/product\/29875","targetHints":{"allow":["GET"]}}],"collection":[{"href":"https:\/\/gillsonlight.com\/es\/wp-json\/wp\/v2\/product"}],"about":[{"href":"https:\/\/gillsonlight.com\/es\/wp-json\/wp\/v2\/types\/product"}],"replies":[{"embeddable":true,"href":"https:\/\/gillsonlight.com\/es\/wp-json\/wp\/v2\/comments?post=29875"}],"version-history":[{"count":22,"href":"https:\/\/gillsonlight.com\/es\/wp-json\/wp\/v2\/product\/29875\/revisions"}],"predecessor-version":[{"id":34098,"href":"https:\/\/gillsonlight.com\/es\/wp-json\/wp\/v2\/product\/29875\/revisions\/34098"}],"wp:featuredmedia":[{"embeddable":true,"href":"https:\/\/gillsonlight.com\/es\/wp-json\/wp\/v2\/media\/29876"}],"wp:attachment":[{"href":"https:\/\/gillsonlight.com\/es\/wp-json\/wp\/v2\/media?parent=29875"}],"wp:term":[{"taxonomy":"product_brand","embeddable":true,"href":"https:\/\/gillsonlight.com\/es\/wp-json\/wp\/v2\/product_brand?post=29875"},{"taxonomy":"product_cat","embeddable":true,"href":"https:\/\/gillsonlight.com\/es\/wp-json\/wp\/v2\/product_cat?post=29875"},{"taxonomy":"product_tag","embeddable":true,"href":"https:\/\/gillsonlight.com\/es\/wp-json\/wp\/v2\/product_tag?post=29875"}],"curies":[{"name":"wp","href":"https:\/\/api.w.org\/{rel}","templated":true}]}}